	

	{"id":2879,"date":"2014-06-03T15:07:42","date_gmt":"2014-06-03T15:07:42","guid":{"rendered":"https:\/\/www.p3-ds.com\/produkte\/communicate-app\/"},"modified":"2016-03-22T11:16:05","modified_gmt":"2016-03-22T11:16:05","slug":"communicate-app","status":"publish","type":"page","link":"https:\/\/www.p3-ds.com\/de\/losungen\/communicate-app\/","title":{"rendered":"Communicate App"},"content":{"rendered":"<h4><span style=\"color: #000000;\">Die Communicate App hilft den Mitarbeitern in einer geschlossenen und sicheren Umgebung an den Entscheidungen Ihres Unternehmens teilzuhaben.<\/span><\/h4>\n<p>Das Hauptmerkmal der Communicate App ist eine einfache und schnelle Kommunikation zwischen Unternehmensteilen, Projektmitarbeitern oder F\u00fchrungsteams. Die Nutzung moderner Chat Technologien und die M\u00f6glichkeit der Nutzung durch ausgew\u00e4hlte Benutzer, macht die Kommunikation schneller und einfacher.<\/p>\n<p>Mobilisieren Sie ihre Entscheidungsprozesse und nutzen Sie die Vorteile der Communicate App. Erh\u00f6hen Sie ihre Effektivit\u00e4t und verbessern Sie drastisch ihren Zeitaufwand f\u00fcr Standardprozesse.<\/p>\n<ul style=\"color: #000000;\">\n<li>Verf\u00fcgbar f\u00fcr iOS und Android (Windows Phone und Blackberry auf Anfrage)<\/li>\n<li>Auch ohne Netzverbindung nutzbar.<\/li>\n<li>Sichere AES 256 Verschl\u00fcsselung ihrer gespeicherten Daten kombiniert mit einer sicheren HTTPS \u00dcbertragung.<\/li>\n<\/ul>\n","protected":false},"excerpt":{"rendered":"<p>Die Communicate App hilft den Mitarbeitern in einer geschlossenen und sicheren Umgebung an den Entscheidungen Ihres Unternehmens teilzuhaben. Das Hauptmerkmal der Communicate App ist eine einfache und schnelle Kommunikation zwischen [&hellip;]<\/p>\n","protected":false},"author":5,"featured_media":0,"parent":2876,"menu_order":9,"comment_status":"closed","ping_status":"closed","template":"page-product.php","meta":{"ngg_post_thumbnail":0},"_links":{"self":[{"href":"https:\/\/www.p3-ds.com\/de\/wp-json\/wp\/v2\/pages\/2879"}],"collection":[{"href":"https:\/\/www.p3-ds.com\/de\/wp-json\/wp\/v2\/pages"}],"about":[{"href":"https:\/\/www.p3-ds.com\/de\/wp-json\/wp\/v2\/types\/page"}],"author":[{"embeddable":true,"href":"https:\/\/www.p3-ds.com\/de\/wp-json\/wp\/v2\/users\/5"}],"replies":[{"embeddable":true,"href":"https:\/\/www.p3-ds.com\/de\/wp-json\/wp\/v2\/comments?post=2879"}],"version-history":[{"count":0,"href":"https:\/\/www.p3-ds.com\/de\/wp-json\/wp\/v2\/pages\/2879\/revisions"}],"up":[{"embeddable":true,"href":"https:\/\/www.p3-ds.com\/de\/wp-json\/wp\/v2\/pages\/2876"}],"wp:attachment":[{"href":"https:\/\/www.p3-ds.com\/de\/wp-json\/wp\/v2\/media?parent=2879"}],"curies":[{"name":"wp","href":"https:\/\/api.w.org\/{rel}","templated":true}]}}