	

	{"id":698,"date":"2014-04-09T16:49:10","date_gmt":"2014-04-09T16:49:10","guid":{"rendered":"https:\/\/www.p3-ds.com\/?page_id=698"},"modified":"2018-05-23T12:17:02","modified_gmt":"2018-05-23T12:17:02","slug":"datenschutzerklarung","status":"publish","type":"page","link":"https:\/\/www.p3-ds.com\/de\/datenschutzerklarung\/","title":{"rendered":"Datenschutzerkl\u00e4rung"},"content":{"rendered":"<h4>1. Einleitung<\/h4>\n<p>Vielen Dank f\u00fcr den Besuch auf unserer Webseite. Wir nehmen Datenschutz sehr ernst und sind bestrebt, im Rahmen unseres Webseitenangebotes Ihre personenbezogenen Daten zu sch\u00fctzen.<\/p>\n<p>Unter personenbezogenen Daten verstehen wir alle Daten \u00fcber die pers\u00f6nlichen und sachlichen Verh\u00e4ltnisse einer nat\u00fcrlichen Person. Personenbezogene Daten, die auf unserer Webseite erhoben werden, werden ausschlie\u00dflich f\u00fcr eigene Zwecke verwendet.<\/p>\n<h4>2. Betroffenrechte<\/h4>\n<p>Im Rahmen unserer Datenverarbeitung werden personenbezogene Daten von Ihnen verarbeitet. Es stehen Ihnen die Rechte aus dem Dritten Kapitel der DS-GVO gegen\u00fcber unserem Unternehmen zu.<\/p>\n<p>Bitte kontaktieren Sie uns zu Ihren Rechten unter den oben angegebenen Kontaktm\u00f6glichkeiten.<\/p>\n<p>Sie haben die Recht auf:<\/p>\n<ul>\n<li>Auskunft<\/li>\n<li>Berichtigung<\/li>\n<li>L\u00f6schung<\/li>\n<li>Einschr\u00e4nkung der Verarbeitung<\/li>\n<li>Mitteilungspflicht im Hinblick auf Berichtigung, L\u00f6schung oder Einschr\u00e4nkung der Verarbeitung<\/li>\n<li>Daten\u00fcbertragbarkeit<\/li>\n<li>Widerspruch<\/li>\n<\/ul>\n<p>Ihnen steht zudem das Recht auf Beschwerde bei der Datenschutzaufsichtsbeh\u00f6rde zu.<\/p>\n<h4>3. Logfiles<\/h4>\n<p>Im Rahmen der Nutzung unseres Internetangebotes werden die Verbindungsinformationen in den Server-Log-Dateien gespeichert.<\/p>\n<p>Zu diesen Informationen z\u00e4hlen:<\/p>\n<ul>\n<li>IP-Adresse des aufrufenden Systems<\/li>\n<li>Browser-Informationen wie verwendetes Betriebssystem und Bildschirmaufl\u00f6sung<\/li>\n<li>Aufgerufene Webseite<\/li>\n<li>Ursprungswebseite<\/li>\n<li>Zeitpunkt des Aufrufs<\/li>\n<\/ul>\n<p>Die Webserverprotokolle werden ausschlie\u00dflich zu Sicherheitszwecken verarbeitet.<\/p>\n<p>Wir verwenden die Protokolldaten nur f\u00fcr statistische Auswertungen zum Zweck des Betriebs, der Sicherheit und der Optimierung des Angebotes. Wir behalten uns jedoch vor, die Protokolldaten nachtr\u00e4glich zu \u00fcberpr\u00fcfen, wenn aufgrund konkreter Anhaltspunkte der berechtigte Verdacht einer rechtswidrigen Nutzung besteht.<\/p>\n<h4>4. Cookies<\/h4>\n<p>Diese Webseite verwendet Cookies. Cookies sind Textdateien, die auf Ihrem Endger\u00e4t gespeichert werden. Cookies k\u00f6nnen beim Aufruf der Webseite von der Webseite ausgelesen, \u00fcbertragen und ge\u00e4ndert werden. Wir nutzen Cookies nur mit zuf\u00e4lligen, pseudonymen Identifikationsnummern. Diese Identifikationsnummern werden genutzt um Ihr Nutzungsverhalten auf unserer Webseite auszuwerten. Zu keinem Zeitpunkt wird das Nutzungsprofil dem Namen einer nat\u00fcrlichen Person zugeordnet. Wenn Sie spezielle Funktionen (wie z.B. den Warenkorb oder \u201eangemeldet bleiben\u201c) unserer Webseite nutzen, werden Cookies zus\u00e4tzlich f\u00fcr diese Funktionen verwendet.<\/p>\n<p>Es ist jederzeit m\u00f6glich, der Setzung von Cookies durch entsprechende \u00c4nderung der Einstellung im Internetbrowser zu widersprechen. Gesetzte Cookies k\u00f6nnen gel\u00f6scht werden. Es wird darauf hingewiesen, dass bei Deaktivierung von Cookies m\u00f6glicherweise nicht alle Funktionen unserer Internetseite vollumf\u00e4nglich genutzt werden k\u00f6nnen.<\/p>\n<p>Die genauen Funktionen der Cookies k\u00f6nnen sie den detaillierteren Informationen dieser Datenschutzerkl\u00e4rung entnehmen.<\/p>\n<p><strong>Hinweis<\/strong>: Wenn Sie Ihre Cookies l\u00f6schen, f\u00fchrt das dazu, dass auch das Deaktivierungs-Cookie des jeweiligen Dienstes gel\u00f6scht wird und beim n\u00e4chsten Besuch von Ihnen gegebenenfalls erneut aktiviert werden muss.<\/p>\n<h4>5.\u00a0Google Analytics<\/h4>\n<p>Diese Website nutzt den Webanalysesystem Google Analytics, eine Software zur statistischen Auswertung der Nutzerzugriffe. F\u00fcr diese Auswertung werden Cookies auf Ihrem Computer gespeichert.<\/p>\n<p>Wenn Sie die Speicherung der Cookies verhindern, weisen wir darauf hin, dass Sie dann gegebenenfalls diese Website nicht vollumf\u00e4nglich nutzen k\u00f6nnen.<\/p>\n<p>Diese Website verwendet\u00a0Google Analytics\u00a0mit der Einstellung \u201eAnonymize IP\u201c. Dadurch werden IP-Adressen gek\u00fcrzt weiterverarbeitet, eine direkte Personenbeziehbarkeit kann damit ausgeschlossen werden. Die mittels Google Analytics von Ihrem Browser \u00fcbermittelte IP-Adresse wird nicht mit anderen von uns erhobenen Daten zusammengef\u00fchrt. Die durch den Cookie erzeugten Informationen \u00fcber Ihre Benutzung dieser Webseite werden nicht an Dritte weitergegeben.<\/p>\n<p>Sie k\u00f6nnen dieser Datenerhebung mit nachfolgendem Link deaktivieren https:\/\/tools.google.com\/dlpage\/gaoptout .<\/p>\n<h4>6. Kontaktformular<\/h4>\n<p>Im Rahmen des Kontaktformulars haben Sie die M\u00f6glichkeit, beliebige Daten an uns zu senden. Die Daten werden von unserem Webserver per Mail an das E-Mail Postfach unseres Unternehmens weitergeleitet. Bitte beachten Sie, dass die Kommunikation \u00fcber das Kontaktformular nicht verschl\u00fcsselt erfolgt. Bitte nutzen Sie f\u00fcr vertrauliche Kommunikation aus eigenem Interesse einen sicheren Kommunikationskanal.<\/p>\n<h4>7. Kommentarfunktion<\/h4>\n<p>Bei Nutzung der Kommentarfunktion werden die IP-Adresse des Nutzers, Name, E-Mail-Adresse und, sollte diese von Ihnen angegeben werden, Website zum Zweck der Missbrauchskontrolle gespeichert.<\/p>\n<h4>8. Social Plug-Ins<\/h4>\n<p>Wir setzen Social-Media-Plug-Ins ein. Wir setzen dabei die sog. 2-Klick-L\u00f6sung ein. Das hei\u00dft, wenn Sie unsere Seite besuchen, werden zun\u00e4chst grunds\u00e4tzlich keine personenbezogenen Daten an die Anbieter dieser Plug-ins weitergegeben. Den Anbieter des Plug-ins erkennen Sie \u00fcber die Markierung auf dem ausgegrauten Kasten anhand des Anfangsbuchstabens. Nur wenn Sie auf einen der Plug-ins klicken, werden personenbeziehbare Daten \u00fcbermittelt: Durch die Aktivierung des Plug-ins werden Daten automatisiert an den jeweiligen Social Media Dienst \u00fcbermittelt und dort (bei ausl\u00e4ndischen Anbietern im jeweiligen Land) gespeichert. Wir haben weder Einfluss auf die erhobenen Daten und Datenverarbeitungsvorg\u00e4nge, noch sind uns der volle Umfang der Datenerhebung, die Zwecke sowie die Speicherfristen bekannt. Da der Social Media Dienst die Datenerhebung insbesondere \u00fcber Cookies vornimmt, empfehlen wir Ihnen, vor dem Klick auf den ausgegrauten Kasten \u00fcber die Sicherheitseinstellungen Ihres Browsers alle Cookies zu l\u00f6schen.<\/p>\n<p>Wenn Sie ein Plug-In aktivieren, erh\u00e4lt der Social Media Dienst die Information, dass Sie die entsprechende Unterseite unseres Online-Angebots aufgerufen haben. Zudem werden unter anderem die IP Adresse, das Anbieter Cookie, die Browsereinstellung und weitere Daten \u00fcbermittelt. Dies erfolgt unabh\u00e4ngig davon, ob Sie ein Konto bei diesem Social Media Dienst besitzen und dort eingeloggt sind. Wenn Sie ein Konto bei dem Social Media Dienst besitzen bzw. wenn Sie bei dem Dienst eingeloggt sind, werden diese Daten direkt Ihrem Konto zugeordnet. Wenn Sie den aktivierten Button bet\u00e4tigen und z.\u2009B. die Seite verlinken, speichert der Social Media Dienst auch diese Information in Ihrem Nutzerkonto und teilt dies Ihren Kontakten \u00f6ffentlich mit. Wenn Sie die Zuordnung mit Ihrem Profil bei dem Social Media Dienst nicht w\u00fcnschen, m\u00fcssen Sie sich vor Aktivierung des Buttons ausloggen.<\/p>\n<p>Der Social Media Dienst speichert diese Daten als Nutzungsprofile und nutzt diese f\u00fcr Zwecke der Werbung, Marktforschung und\/oder bedarfsgerechten Gestaltung seiner Website. Eine solche Auswertung erfolgt insbesondere (auch f\u00fcr nicht eingeloggte Nutzer) zur Darstellung von bedarfsgerechter Werbung und um andere Nutzer des sozialen Netzwerks \u00fcber Ihre Aktivit\u00e4ten auf unserer Website zu informieren. Ihnen steht ein Widerspruchsrecht zu gegen die Bildung dieser Nutzerprofile, wobei Sie sich zur Aus\u00fcbung dessen an den jeweiligen Social Media Dienst wenden m\u00fcssen.<\/p>\n<p>Weitere Informationen zu Zweck und Umfang der Datenerhebung und ihrer Verarbeitung durch den Social Media Dienst erhalten Sie in den im Folgenden mitgeteilten Datenschutzerkl\u00e4rungen dieser Anbieter. Dort erhalten Sie auch weitere Informationen zu Ihren diesbez\u00fcglichen Rechten und Einstellungsm\u00f6glichkeiten zum Schutze Ihrer Privatsph\u00e4re.<\/p>\n<p>Adressen der jeweiligen Anbieter und URL mit deren Datenschutzhinweisen:<\/p>\n<p>Facebook Inc., 1601 S California Ave, Palo Alto, California 94304, USA<br \/>\nhttp:\/\/www.facebook.com\/about\/privacy\/<\/p>\n<p>Google Inc., 1600 Amphitheater Parkway, Mountainview, California 94043, USA<br \/>\nhttps:\/\/policies.google.com\/technologies\/partner-sites?hl=de<\/p>\n<p>Twitter, Inc., 1355 Market St, Suite 900, San Francisco, California 94103, USA<br \/>\nhttps:\/\/twitter.com\/de\/privacy<\/p>\n<p>Xing AG, G\u00e4nsemarkt 43, 20354 Hamburg, DE<br \/>\nhttps:\/\/privacy.xing.com\/de\/datenschutzerklaerung<\/p>\n<h4>9. Rechtsgrundlage der Verarbeitung<\/h4>\n<p>Die Rechtsgrundlage der Datenverarbeitung im Rahmen der EU Datenschutzgrundverordnung ergibt sich f\u00fcr unsere Datenverarbeitung aus Art. 6 DS-GVO. Im Einzelnen k\u00f6nnen sich, je nachdem in welcher Situation wir Ihre Daten verarbeiten, unterschiedliche Rechtsgrundlagen ergeben.<\/p>\n<p><strong>Einwilligung<\/strong><br \/>\nSoweit f\u00fcr Verarbeitungsvorg\u00e4nge personenbezogener Daten Ihre Einwilligung eingeholt wurde, ist Artikel 6 I a) DS-GVO die Rechtsgrundlage f\u00fcr die Datenverarbeitung. Eine erteilte Einwilligung kann jederzeit mit Wirkung f\u00fcr die Zukunft widerrufen werden.<\/p>\n<p><strong>Vertrag<\/strong><br \/>\nBei der Verarbeitung von personenbezogenen Daten, die zur Erf\u00fcllung eines Vertrages, dessen Vertragspartei Sie sind, erhoben wurden, ist Artikel 6 I b) DS-GVO die Rechtsgrundlage. Dies gilt auch f\u00fcr Verarbeitungsvorg\u00e4nge, die zur Durchf\u00fchrung vorvertraglicher Ma\u00dfnahmen erforderlich sind.<\/p>\n<p><strong>Gesetzliche Pflicht<\/strong><br \/>\nSoweit eine Verarbeitung personenbezogener Daten zur Erf\u00fcllung einer rechtlichen Verpflichtung erforderlich ist, der unser Unternehmen unterliegt, dient Artikel 6 I c) DS-GVO als Rechtsgrundlage.<\/p>\n<p><strong>Lebenswichtige Interessen<\/strong><br \/>\nF\u00fcr den Fall, dass lebenswichtige Interessen von Ihnen oder einer anderen nat\u00fcrlichen Person eine Verarbeitung personenbezogener Daten erforderlich machen, ist Artikel 6 I d) DS-GVO die Rechtsgrundlage.<\/p>\n<p><strong>Berechtigtes Interesse<\/strong><br \/>\nIst die Verarbeitung zur Wahrung eines berechtigten Interesses unseres Unternehmens oder eines Dritten erforderlich und \u00fcberwiegen die Interessen, Grundrechte und Grundfreiheiten des Betroffenen das erstgenannte Interesse nicht, so dient Artikel 6 I f) DS-GVO als Rechtsgrundlage f\u00fcr die Verarbeitung. Das berechtigte Interesse unseres Unternehmens liegt in der Durchf\u00fchrung unserer Gesch\u00e4ftst\u00e4tigkeit.<\/p>\n<h4>10.\u00a0Datenschutzkontakt<\/h4>\n<p>Verantwortlich f\u00fcr die Datenverarbeitung im Sinne des Art. 4 Nr. 7 DS-GVO ist:<\/p>\n<p>P3 digital services GmbH<br \/>\nHeilbronnerstr 86,<br \/>\n70191 Stuttgart<br \/>\nDeutschland<br \/>\nTel: +49 163 753 38 37<br \/>\nMail: contact@p3-ds.com<\/p>\n<p><strong>Gesetzlicher Vertreter<\/strong><br \/>\nGesch\u00e4ftsf\u00fchrer<br \/>\nRobert Rendl<br \/>\nMarius Mailat<\/p>\n<p>Unser Datenschutzbeauftragter wird von der SICODA GmbH ( www.sicoda.de ) gestellt. Sie k\u00f6nnen den Datenschutzbeauftragten jederzeit in Fragen des Datenschutzes kontaktieren:<\/p>\n<p>SICODA GmbH<br \/>\nc \/ o DSB &#8211; P3 group GmbH<br \/>\nImpekovener Str. 55<br \/>\n53347 Alfter<br \/>\nDeutschland<br \/>\nTel: +49 228 286 140 60<br \/>\nMail: dsb@sicoda.de<\/p>\n","protected":false},"excerpt":{"rendered":"<p>1. Einleitung Vielen Dank f\u00fcr den Besuch auf unserer Webseite. Wir nehmen Datenschutz sehr ernst und sind bestrebt, im Rahmen unseres Webseitenangebotes Ihre personenbezogenen Daten zu sch\u00fctzen. Unter personenbezogenen Daten [&hellip;]<\/p>\n","protected":false},"author":3,"featured_media":0,"parent":0,"menu_order":21,"comment_status":"closed","ping_status":"closed","template":"","meta":{"ngg_post_thumbnail":0},"_links":{"self":[{"href":"https:\/\/www.p3-ds.com\/de\/wp-json\/wp\/v2\/pages\/698"}],"collection":[{"href":"https:\/\/www.p3-ds.com\/de\/wp-json\/wp\/v2\/pages"}],"about":[{"href":"https:\/\/www.p3-ds.com\/de\/wp-json\/wp\/v2\/types\/page"}],"author":[{"embeddable":true,"href":"https:\/\/www.p3-ds.com\/de\/wp-json\/wp\/v2\/users\/3"}],"replies":[{"embeddable":true,"href":"https:\/\/www.p3-ds.com\/de\/wp-json\/wp\/v2\/comments?post=698"}],"version-history":[{"count":18,"href":"https:\/\/www.p3-ds.com\/de\/wp-json\/wp\/v2\/pages\/698\/revisions"}],"predecessor-version":[{"id":19793,"href":"https:\/\/www.p3-ds.com\/de\/wp-json\/wp\/v2\/pages\/698\/revisions\/19793"}],"wp:attachment":[{"href":"https:\/\/www.p3-ds.com\/de\/wp-json\/wp\/v2\/media?parent=698"}],"curies":[{"name":"wp","href":"https:\/\/api.w.org\/{rel}","templated":true}]}}